{"id":4077,"date":"2017-03-21T21:42:57","date_gmt":"2017-03-21T20:42:57","guid":{"rendered":"http:\/\/www.tc-juegesheim.de\/?page_id=4077"},"modified":"2026-03-25T18:14:50","modified_gmt":"2026-03-25T17:14:50","slug":"training","status":"publish","type":"page","link":"https:\/\/www.tc-juegesheim.de\/?page_id=4077","title":{"rendered":"Training"},"content":{"rendered":"<div class='clear'><\/div><div id='sub_menu1'  class='av-submenu-container av-12neyr1-632684713d5c0e4a664676e75082a09d main_color  avia-builder-el-0  el_before_av_section  avia-builder-el-first  av-sticky-submenu container_wrap sidebar_right' style='z-index:301' ><div class='container av-menu-mobile-disabled av-submenu-pos-center'><ul id='av-custom-submenu-1' class='av-subnav-menu'>\n<li class='menu-item av-ylmc4t-930601506fbe413291282cf054ea7c55 menu-item-top-level menu-item-top-level-1'><a href='#schnupper' ><span class='avia-bullet'><\/span><span class='avia-menu-text'>Schnuppermitgliedschaft<\/span><\/a><\/li>\n<li class='menu-item av-10kcmst-57787b5e89b5ce4a0fa0aa0f67554a68 menu-item-top-level menu-item-top-level-2'><a href='#training' ><span class='avia-bullet'><\/span><span class='avia-menu-text'>Tennistraining<\/span><\/a><\/li>\n<li class='menu-item av-10ajer1-ae23ce03c180a5a8a08d988a277caf3c menu-item-top-level menu-item-top-level-3'><a href='#sommertraining' ><span class='avia-bullet'><\/span><span class='avia-menu-text'>Sommertraining<\/span><\/a><\/li>\n<li class='menu-item av-uny10t-81373509bad1723c11f5df9a9087cf4c menu-item-top-level menu-item-top-level-4'><a href='#mini' ><span class='avia-bullet'><\/span><span class='avia-menu-text'>TCJ Mini Tennis Programm<\/span><\/a><\/li>\n<\/ul><\/div><\/div><div class='sticky_placeholder'><\/div>\n<div id='schnupper'  class='avia-section av-kwkf7x-a382f44e2119df8c3ff7984825e8f7bb main_color avia-section-default avia-no-shadow  avia-builder-el-1  el_after_av_submenu  el_before_av_section  avia-bg-style-scroll container_wrap sidebar_right'  ><div class='container av-section-cont-open' ><div class='template-page content  av-content-small alpha units'><div class='post-entry post-entry-type-page post-entry-4077'><div class='entry-content-wrapper clearfix'>\n\n<style type=\"text\/css\" data-created_by=\"avia_inline_auto\" id=\"style-css-av-jcy3vx-b522f4c404a8909b9aee58dcc3000461\">\n.flex_column.av-jcy3vx-b522f4c404a8909b9aee58dcc3000461{\n-webkit-border-radius:0px 0px 0px 0px;\n-moz-border-radius:0px 0px 0px 0px;\nborder-radius:0px 0px 0px 0px;\npadding:0px 0px 0px 0px;\n}\n<\/style>\n<div class='flex_column av-jcy3vx-b522f4c404a8909b9aee58dcc3000461 av_three_fifth  avia-builder-el-2  el_before_av_two_fifth  avia-builder-el-first  first flex_column_div av-zero-column-padding '     ><section  class='av_textblock_section av-h9jcel-24d54587d9b61e484341f186b59b07f4'  itemscope=\"itemscope\" itemtype=\"https:\/\/schema.org\/CreativeWork\" ><div class='avia_textblock'  itemprop=\"text\" ><h3><strong>Schnuppermitgliedschaft 2026 mit SchnupperTreff<\/strong><\/h3>\n<p>Deine <strong>1. Saison<\/strong> im TC J\u00fcgesheim e.V. <strong>zum Preis von 129,- \u20ac<\/strong><\/p>\n<p>Volles Spielrecht auf der Vereinsanlage inkl. kostenlosem <strong>Schnuppertreff-Training.<\/strong> Du kannst in der Gro\u00dfgruppe unter Leitung eines erfahrenen Trainers Tennis lernen oder verbessern. Wir bieten Anf\u00e4nger- und Fortgeschrittenenkurse f\u00fcr Kinder und Erwachsene an.<\/p>\n<p>Infos zum Kinderschnuppertraining erhaltet ihr \u00fcber unsere Jugendwartin Michaela Block unter <a href=\"mailto:vorstand.jugend@tc-juegesheim.de\">vorstand.jugend@tc-juegesheim.de<\/a>.<\/p>\n<p>Ihr habt noch offene Fragen zu unserem Schnupperprogramm f\u00fcr Erwachsene? Dann meldet euch gerne bei unserer Sportwartin Nadine Trapp unter <a href=\"mailto:vorstand.sport@tc-juegesheim.de\">vorstand.sport@tc-juegesheim.de<\/a>.<\/p>\n<p>Lerne das Vereinsleben des TC J\u00fcgesheim e.V. kennen und nimm an den zahlreichen Veranstaltungen teil. Es erwarten euch die verschiedensten Events vom Spa\u00dfturnier bis zur Weihnachtsfeier.<\/p>\n<\/div><\/section><\/div>\n<style type=\"text\/css\" data-created_by=\"avia_inline_auto\" id=\"style-css-av-fndxr1-d8c2fae72b8ad49d81ee1394c96bd342\">\n.flex_column.av-fndxr1-d8c2fae72b8ad49d81ee1394c96bd342{\n-webkit-border-radius:0px 0px 0px 0px;\n-moz-border-radius:0px 0px 0px 0px;\nborder-radius:0px 0px 0px 0px;\npadding:0px 0px 0px 0px;\n}\n<\/style>\n<div class='flex_column av-fndxr1-d8c2fae72b8ad49d81ee1394c96bd342 av_two_fifth  avia-builder-el-4  el_after_av_three_fifth  avia-builder-el-last  flex_column_div av-zero-column-padding '     ><\/div><\/div><\/div><\/div><!-- close content main div --><\/div><\/div><div id='training'  class='avia-section av-2t4zod-4d55f3028a4036bffd00764b8236e8e0 main_color avia-section-default avia-no-shadow  avia-builder-el-6  el_after_av_section  el_before_av_section  avia-bg-style-scroll container_wrap sidebar_right'  ><div class='container av-section-cont-open' ><div class='template-page content  av-content-small alpha units'><div class='post-entry post-entry-type-page post-entry-4077'><div class='entry-content-wrapper clearfix'>\n<section  class='av_textblock_section av-2lmi0t-632c06d1a56e384c71aae81079eb1e52'  itemscope=\"itemscope\" itemtype=\"https:\/\/schema.org\/CreativeWork\" ><div class='avia_textblock'  itemprop=\"text\" ><h3><strong>Tennistraining 2026<\/strong><\/h3>\n<p>Das Tennistraining im TC J\u00fcgesheim e.V. wird sowohl f\u00fcr Kinder, Jugendliche, als auch Erwachsene angeboten.<\/p>\n<p>Unabh\u00e4ngig von seiner eigenen Spielst\u00e4rke kann der Spieler selbst w\u00e4hlen, welcher Trainertyp ihm am besten gef\u00e4llt, in welcher Gruppenst\u00e4rke er trainieren und wie oft in der Woche er Training nehmen m\u00f6chte.<\/p>\n<p>F\u00fcr uns arbeiten die Trainer nach einem einheitlichen methodischen Konzept und bringen zus\u00e4tzlich ihre individuellen F\u00e4higkeiten in den Unterricht ein.<\/p>\n<p>Das Trainerteam verf\u00fcgt \u00fcber eine langj\u00e4hrige Erfahrung und ist im Besitz von DTB-Lizenzen und weiteren Ausbildungen.<\/p>\n<p>Der Kontakt zu unseren <strong>Vereinstrainern Andreas Karnbach und Nirmel Osmanovic <\/strong>und weiteren Informationen rund um den Verein, erfolgt \u00fcber unsere <strong>Sportwartin Nadine G\u00f6tz <\/strong><span style=\"color: #000000;\"><span style=\"color: #808080;\">unter<\/span>\u00a0<\/span><strong><a href=\"mailto:vorstand.sport@tc-juegesheim.de\">vorstand.sport@tc-juegesheim.de<\/a><\/strong><\/p>\n<\/div><\/section>\n<\/div><\/div><\/div><!-- close content main div --><\/div><\/div><div id='sommertraining'  class='avia-section av-oc9859-01ae22b97a3a341c0f9655c7e2231538 main_color avia-section-default avia-no-shadow  avia-builder-el-8  el_after_av_section  el_before_av_section  avia-bg-style-scroll container_wrap sidebar_right'  ><div class='container av-section-cont-open' ><div class='template-page content  av-content-small alpha units'><div class='post-entry post-entry-type-page post-entry-4077'><div class='entry-content-wrapper clearfix'>\n<section  class='av_textblock_section av-m63ful-c5d866561bb5eb64a3f8e5eff9ed6132'  itemscope=\"itemscope\" itemtype=\"https:\/\/schema.org\/CreativeWork\" ><div class='avia_textblock'  itemprop=\"text\" ><h3><strong>Sommertraining 2026<\/strong><\/h3>\n<p>Das Sommertraining findet bei uns auf der Vereinsanlage statt und wird f\u00fcr Mannschaften, Gruppen und Einzelpersonen angeboten.<\/p>\n<p>Die Sommersaison, umfasst je nach Wetterlage ca. 25 Wochen und geht von April &#8211; Oktober.<\/p>\n<p>Informationen zu Trainingstag und Zeiten sowie Preisen f\u00fcr Gruppen- oder Privattraining erfolgt \u00fcber unsere Vereinstrainer Andreas Karnbach und Nirmel Osmanovic.<\/p>\n<\/div><\/section>\n<\/div><\/div><\/div><!-- close content main div --><\/div><\/div><div id='mini'  class='avia-section av-3zz4nh-d919d2426b940dfa1af24f1cfe9bbeff main_color avia-section-default avia-no-shadow  avia-builder-el-10  el_after_av_section  avia-builder-el-last  avia-bg-style-scroll container_wrap sidebar_right'  ><div class='container av-section-cont-open' ><div class='template-page content  av-content-small alpha units'><div class='post-entry post-entry-type-page post-entry-4077'><div class='entry-content-wrapper clearfix'>\n<section  class='av_textblock_section av-2s9wul-5e3e20122e4730104f5938d3629fc60b'  itemscope=\"itemscope\" itemtype=\"https:\/\/schema.org\/CreativeWork\" ><div class='avia_textblock'  itemprop=\"text\" ><h3><strong>TCJ Mini Tennis Programm<\/strong><\/h3>\n<p>Mini Tennis ist die ideale M\u00f6glichkeit, Kinder einen interessanten und vielseitigen Einstieg<\/p>\n<p>in das\u00a0 \u201eSpiel\u201c Tennis erleben zu lassen.<\/p>\n<p>Es gibt kein richtiges oder falsches Alter, um mit dem <a href=\"https:\/\/www.trainingsworld.com\/sportarten\/tennis\/\">Tennissport<\/a> anzufangen.<\/p>\n<p>Viele Kinder beginnen bereits im Alter von\u00a05-6 Jahren mit dem Tennis.\u00a0Je fr\u00fcher man damit anf\u00e4ngt, desto besser.<\/p>\n<p>Informationen zum Mini Tennis Programm \u00fcber unseren Vereinstrainer Andreas Karnbach.<\/p>\n<p><strong>Telefon: 0171 \/ 6870477<\/strong> bzw. <strong>info@tennistraining-rodgau.de<\/strong><\/p>\n<\/div><\/section>\n<\/div><\/div><\/div><!-- close content main div --><\/div><\/div><div id='after_section_4'  class='main_color av_default_container_wrap container_wrap sidebar_right'  ><div class='container av-section-cont-open' ><div class='template-page content  av-content-small alpha units'><div class='post-entry post-entry-type-page post-entry-4077'><div class='entry-content-wrapper clearfix'><\/p>\n","protected":false},"excerpt":{"rendered":"","protected":false},"author":1,"featured_media":0,"parent":0,"menu_order":0,"comment_status":"closed","ping_status":"closed","template":"","meta":{"footnotes":""},"_links":{"self":[{"href":"https:\/\/www.tc-juegesheim.de\/index.php?rest_route=\/wp\/v2\/pages\/4077"}],"collection":[{"href":"https:\/\/www.tc-juegesheim.de\/index.php?rest_route=\/wp\/v2\/pages"}],"about":[{"href":"https:\/\/www.tc-juegesheim.de\/index.php?rest_route=\/wp\/v2\/types\/page"}],"author":[{"embeddable":true,"href":"https:\/\/www.tc-juegesheim.de\/index.php?rest_route=\/wp\/v2\/users\/1"}],"replies":[{"embeddable":true,"href":"https:\/\/www.tc-juegesheim.de\/index.php?rest_route=%2Fwp%2Fv2%2Fcomments&post=4077"}],"version-history":[{"count":44,"href":"https:\/\/www.tc-juegesheim.de\/index.php?rest_route=\/wp\/v2\/pages\/4077\/revisions"}],"predecessor-version":[{"id":5019,"href":"https:\/\/www.tc-juegesheim.de\/index.php?rest_route=\/wp\/v2\/pages\/4077\/revisions\/5019"}],"wp:attachment":[{"href":"https:\/\/www.tc-juegesheim.de\/index.php?rest_route=%2Fwp%2Fv2%2Fmedia&parent=4077"}],"curies":[{"name":"wp","href":"https:\/\/api.w.org\/{rel}","templated":true}]}}