{"id":3413,"date":"2015-04-16T10:14:14","date_gmt":"2015-04-16T08:14:14","guid":{"rendered":"http:\/\/neu.tc-juegesheim.de\/?page_id=3413"},"modified":"2026-03-18T16:27:35","modified_gmt":"2026-03-18T15:27:35","slug":"dokumente","status":"publish","type":"page","link":"https:\/\/www.tc-juegesheim.de\/?page_id=3413","title":{"rendered":"Dokumente"},"content":{"rendered":"<section  class='av_textblock_section av-gdln05-b49317d7775b8d161b8a938fe1a238f4'  itemscope=\"itemscope\" itemtype=\"https:\/\/schema.org\/CreativeWork\" ><div class='avia_textblock'  itemprop=\"text\" ><p>Um eins der Formulare\/Dokumente \u00f6ffnen zu k\u00f6nnen, m\u00fcssen Sie den Acrobat Reader installiert haben. Wenn nicht, dann k\u00f6nnen Sie ihn <a href=\"http:\/\/web.archive.org\/web\/20131208064613\/http:\/\/www.adobe.com\/de\/products\/acrobat\/readstep2.html\" target=\"_blank\" rel=\"noopener\">hier<\/a> kostenlos herunterladen.<\/p>\n<\/div><\/section>\n<div  class='avia-icon-list-container av-eu6tqd-f780789fd7472fa90babec61e1ca6748  avia-builder-el-1  el_after_av_textblock  avia-builder-el-last '><ul class='avia-icon-list avia_animate_when_almost_visible avia-icon-list-left av-iconlist-big av-eu6tqd-f780789fd7472fa90babec61e1ca6748 avia-iconlist-animate'>\n<li><a href='http:\/\/www.tc-juegesheim.de\/wp-content\/uploads\/TCJ-Beitrittserklaerung-2025-PC.pdf' title='Beitrittserkl\u00e4rung'  target=\"_blank\"  rel=\"noopener noreferrer\" class='iconlist_icon av-39190l-2687930958a2daf1490bdeb529530030 avia-font-entypo-fontello'><span class='iconlist-char' aria-hidden='true' data-av_icon='\ue84b' data-av_iconfont='entypo-fontello'><\/span><\/a><article class=\"article-icon-entry av-iconlist-empty\"  itemscope=\"itemscope\" itemtype=\"https:\/\/schema.org\/CreativeWork\" ><div class=\"iconlist_content_wrap\"><header class=\"entry-content-header\"><h4 class='av_iconlist_title iconlist_title  '  itemprop=\"headline\" ><a href='http:\/\/www.tc-juegesheim.de\/wp-content\/uploads\/TCJ-Beitrittserklaerung-2025-PC.pdf' title='Beitrittserkl\u00e4rung' target=\"_blank\"  rel=\"noopener noreferrer\">Beitrittserkl\u00e4rung<\/a><\/h4><\/header><div class='iconlist_content '  itemprop=\"text\" ><\/div><\/div><footer class=\"entry-footer\"><\/footer><\/article><div class=\"iconlist-timeline\"><\/div><\/li>\n<li><a href='http:\/\/www.tc-juegesheim.de\/wp-content\/uploads\/Beitragsordnung-gultig-ab-01.0-3.2025.pdf' title='Beitragsordnung'  target=\"_blank\"  rel=\"noopener noreferrer\" class='iconlist_icon av-3823l1-4b39b7af352ccfa3c5ceb223e414f6b9 avia-font-entypo-fontello'><span class='iconlist-char' aria-hidden='true' data-av_icon='\ue84b' data-av_iconfont='entypo-fontello'><\/span><\/a><article class=\"article-icon-entry av-iconlist-empty\"  itemscope=\"itemscope\" itemtype=\"https:\/\/schema.org\/CreativeWork\" ><div class=\"iconlist_content_wrap\"><header class=\"entry-content-header\"><h4 class='av_iconlist_title iconlist_title  '  itemprop=\"headline\" ><a href='http:\/\/www.tc-juegesheim.de\/wp-content\/uploads\/Beitragsordnung-gultig-ab-01.0-3.2025.pdf' title='Beitragsordnung' target=\"_blank\"  rel=\"noopener noreferrer\">Beitragsordnung<\/a><\/h4><\/header><div class='iconlist_content '  itemprop=\"text\" ><\/div><\/div><footer class=\"entry-footer\"><\/footer><\/article><div class=\"iconlist-timeline\"><\/div><\/li>\n<li><div class='iconlist_icon av-32v76t-bae7719f8ce655e59f4ef55506e24c36 avia-font-entypo-fontello'><span class='iconlist-char' aria-hidden='true' data-av_icon='\ue84b' data-av_iconfont='entypo-fontello'><\/span><\/div><article class=\"article-icon-entry av-iconlist-empty\"  itemscope=\"itemscope\" itemtype=\"https:\/\/schema.org\/CreativeWork\" ><div class=\"iconlist_content_wrap\"><header class=\"entry-content-header\"><h4 class='av_iconlist_title iconlist_title  '  itemprop=\"headline\" ><a href='http:\/\/www.tc-juegesheim.de\/wp-content\/uploads\/Satzung-TCJ_Stand-27.-Maerz-2025-2.pdf' title='Satzung des Tennisclubs J\u00fcgesheim' target=\"_blank\"  rel=\"noopener noreferrer\">Satzung des Tennisclubs J\u00fcgesheim<\/a><\/h4><\/header><div class='iconlist_content '  itemprop=\"text\" ><\/div><\/div><footer class=\"entry-footer\"><\/footer><\/article><div class=\"iconlist-timeline\"><\/div><\/li>\n<li><a href='http:\/\/www.tc-juegesheim.de\/wp-content\/uploads\/TCJ-Spiel-und-Gastspielordnung_Stand-21.-Maerz-2024.pdf' title='Spiel- und Gastspielordnung'  target=\"_blank\"  rel=\"noopener noreferrer\" class='iconlist_icon av-2q2led-aa8308150467e53ea363ac451a0f4bc5 avia-font-entypo-fontello'><span class='iconlist-char' aria-hidden='true' data-av_icon='\ue84b' data-av_iconfont='entypo-fontello'><\/span><\/a><article class=\"article-icon-entry av-iconlist-empty\"  itemscope=\"itemscope\" itemtype=\"https:\/\/schema.org\/CreativeWork\" ><div class=\"iconlist_content_wrap\"><header class=\"entry-content-header\"><h4 class='av_iconlist_title iconlist_title  '  itemprop=\"headline\" ><a href='http:\/\/www.tc-juegesheim.de\/wp-content\/uploads\/TCJ-Spiel-und-Gastspielordnung_Stand-21.-Maerz-2024.pdf' title='Spiel- und Gastspielordnung' target=\"_blank\"  rel=\"noopener noreferrer\">Spiel- und Gastspielordnung<\/a><\/h4><\/header><div class='iconlist_content '  itemprop=\"text\" ><\/div><\/div><footer class=\"entry-footer\"><\/footer><\/article><div class=\"iconlist-timeline\"><\/div><\/li>\n<li><div class='iconlist_icon av-m8lxyn4s-45f794fc8eabb28d3f3b1550361b1913 avia-font-entypo-fontello'><span class='iconlist-char' aria-hidden='true' data-av_icon='\ue84b' data-av_iconfont='entypo-fontello'><\/span><\/div><article class=\"article-icon-entry av-iconlist-empty\"  itemscope=\"itemscope\" itemtype=\"https:\/\/schema.org\/CreativeWork\" ><div class=\"iconlist_content_wrap\"><header class=\"entry-content-header\"><h4 class='av_iconlist_title iconlist_title  '  itemprop=\"headline\" ><a href='http:\/\/www.tc-juegesheim.de\/wp-content\/uploads\/Nutzungsbedingungen-Traglufthalle-Stand-14.-April-2025-1.pdf' title='Nutzungsbedingungen Traglufthalle' target=\"_blank\"  rel=\"noopener noreferrer\">Nutzungsbedingungen Traglufthalle<\/a><\/h4><\/header><div class='iconlist_content '  itemprop=\"text\" ><\/div><\/div><footer class=\"entry-footer\"><\/footer><\/article><div class=\"iconlist-timeline\"><\/div><\/li>\n<li><a href='http:\/\/www.tc-juegesheim.de\/wp-content\/uploads\/Vermietungsanfragen-Banner-Homepage.pdf' title='Clubheim- und Musikboxvermietung'  target=\"_blank\"  rel=\"noopener noreferrer\" class='iconlist_icon av-2qkt9h-92d5cdeb48834cac1a35badd93141135 avia-font-entypo-fontello'><span class='iconlist-char' aria-hidden='true' data-av_icon='\ue84b' data-av_iconfont='entypo-fontello'><\/span><\/a><article class=\"article-icon-entry av-iconlist-empty\"  itemscope=\"itemscope\" itemtype=\"https:\/\/schema.org\/CreativeWork\" ><div class=\"iconlist_content_wrap\"><header class=\"entry-content-header\"><h4 class='av_iconlist_title iconlist_title  '  itemprop=\"headline\" ><a href='http:\/\/www.tc-juegesheim.de\/wp-content\/uploads\/Vermietungsanfragen-Banner-Homepage.pdf' title='Clubheim- und Musikboxvermietung' target=\"_blank\"  rel=\"noopener noreferrer\">Clubheim- und Musikboxvermietung<\/a><\/h4><\/header><div class='iconlist_content '  itemprop=\"text\" ><\/div><\/div><footer class=\"entry-footer\"><\/footer><\/article><div class=\"iconlist-timeline\"><\/div><\/li>\n<li><div class='iconlist_icon av-m8lxyn4s-1-b395011ffa48a587382a4594de3cdb3f avia-font-entypo-fontello'><span class='iconlist-char' aria-hidden='true' data-av_icon='\ue84b' data-av_iconfont='entypo-fontello'><\/span><\/div><article class=\"article-icon-entry av-iconlist-empty\"  itemscope=\"itemscope\" itemtype=\"https:\/\/schema.org\/CreativeWork\" ><div class=\"iconlist_content_wrap\"><header class=\"entry-content-header\"><h4 class='av_iconlist_title iconlist_title  '  itemprop=\"headline\" ><a href='http:\/\/www.tc-juegesheim.de\/wp-content\/uploads\/Die-Schnuppermitgliedschaft-beim-TCJ-Fragen-und-Antworten.pdf' title='FAQ\u2019s zur Schnuppermitgliedschaft' target=\"_blank\"  rel=\"noopener noreferrer\">FAQ\u2019s zur Schnuppermitgliedschaft<\/a><\/h4><\/header><div class='iconlist_content '  itemprop=\"text\" ><\/div><\/div><footer class=\"entry-footer\"><\/footer><\/article><div class=\"iconlist-timeline\"><\/div><\/li>\n<\/ul><\/div>\n","protected":false},"excerpt":{"rendered":"","protected":false},"author":1,"featured_media":0,"parent":0,"menu_order":0,"comment_status":"open","ping_status":"open","template":"","meta":{"footnotes":""},"_links":{"self":[{"href":"https:\/\/www.tc-juegesheim.de\/index.php?rest_route=\/wp\/v2\/pages\/3413"}],"collection":[{"href":"https:\/\/www.tc-juegesheim.de\/index.php?rest_route=\/wp\/v2\/pages"}],"about":[{"href":"https:\/\/www.tc-juegesheim.de\/index.php?rest_route=\/wp\/v2\/types\/page"}],"author":[{"embeddable":true,"href":"https:\/\/www.tc-juegesheim.de\/index.php?rest_route=\/wp\/v2\/users\/1"}],"replies":[{"embeddable":true,"href":"https:\/\/www.tc-juegesheim.de\/index.php?rest_route=%2Fwp%2Fv2%2Fcomments&post=3413"}],"version-history":[{"count":73,"href":"https:\/\/www.tc-juegesheim.de\/index.php?rest_route=\/wp\/v2\/pages\/3413\/revisions"}],"predecessor-version":[{"id":4995,"href":"https:\/\/www.tc-juegesheim.de\/index.php?rest_route=\/wp\/v2\/pages\/3413\/revisions\/4995"}],"wp:attachment":[{"href":"https:\/\/www.tc-juegesheim.de\/index.php?rest_route=%2Fwp%2Fv2%2Fmedia&parent=3413"}],"curies":[{"name":"wp","href":"https:\/\/api.w.org\/{rel}","templated":true}]}}