{"id":3401,"date":"2015-04-16T09:51:55","date_gmt":"2015-04-16T07:51:55","guid":{"rendered":"http:\/\/neu.tc-juegesheim.de\/?page_id=3401"},"modified":"2023-09-28T22:38:40","modified_gmt":"2023-09-28T20:38:40","slug":"geschichte","status":"publish","type":"page","link":"https:\/\/www.tc-juegesheim.de\/?page_id=3401","title":{"rendered":"Geschichte"},"content":{"rendered":"<section  class='av_textblock_section av-k7rmcxke-acab09a6322ca67c5436839a2562472b'  itemscope=\"itemscope\" itemtype=\"https:\/\/schema.org\/CreativeWork\" ><div class='avia_textblock'  itemprop=\"text\" ><p>Am<span class=\"apple-converted-space\">\u00a0<\/span><span style=\"color: #0000ff;\"><strong>30.04.1968<\/strong><\/span><strong>\u00a0<\/strong>beschlossen 30 Rodgauer in J\u00fcgesheim die Gr\u00fcndung des Tennisclub J\u00fcgesheim e.V.<a href=\"http:\/\/www.tc-juegesheim.de\/wp-content\/uploads\/Gr\u00fcndung.jpeg\"><img loading=\"lazy\" decoding=\"async\" class=\"size-medium wp-image-4506 alignright\" src=\"http:\/\/www.tc-juegesheim.de\/wp-content\/uploads\/Gr\u00fcndung-213x300.jpeg\" alt=\"\" width=\"213\" height=\"300\" srcset=\"https:\/\/www.tc-juegesheim.de\/wp-content\/uploads\/Gr\u00fcndung-213x300.jpeg 213w, https:\/\/www.tc-juegesheim.de\/wp-content\/uploads\/Gr\u00fcndung-768x1083.jpeg 768w, https:\/\/www.tc-juegesheim.de\/wp-content\/uploads\/Gr\u00fcndung-730x1030.jpeg 730w, https:\/\/www.tc-juegesheim.de\/wp-content\/uploads\/Gr\u00fcndung-1064x1500.jpeg 1064w, https:\/\/www.tc-juegesheim.de\/wp-content\/uploads\/Gr\u00fcndung-500x705.jpeg 500w, https:\/\/www.tc-juegesheim.de\/wp-content\/uploads\/Gr\u00fcndung-450x635.jpeg 450w\" sizes=\"(max-width: 213px) 100vw, 213px\" \/><\/a><\/p>\n<p>Von der Idee gepackt den Ersten ausschlie\u00dflichen Tennisverein in Rodgau zu gr\u00fcnden pachteten die Mitglieder von der Stadt Rodgau noch im selben Jahr das 5.500 qm gro\u00dfe Grundst\u00fcck am heutigen Nehlsee 3 in Rodgau J\u00fcgesheim.<\/p>\n<p>Im folgenden Jahr,<span class=\"apple-converted-space\">\u00a0<\/span><strong>1970<\/strong>, z\u00e4hlt der Club bereits 90 Mitglieder und ebnet so den Weg zur Finanzierung und dem Bau der ersten 5 Tennispl\u00e4tze. Zum Ende der Saison werden die Pl\u00e4tze eingeweiht.<\/p>\n<p><strong>1971<\/strong><strong>\u00a0<\/strong>nahm der Tennissport Fahrt auf und die ersten Clubmeisterschaften und Jugendmeisterschaften fanden statt.<br \/>\nZur Kr\u00f6nung des jungen Vereins gewannen die Herren das erste Medenspiel auf der neuen Anlage gegen RW Sprendlingen mit 8:1. Der Erfolgsgeschichte des TCJ stand somit nichts mehr im Wege.<\/p>\n<p>Lediglich 10 Jahre nach Gr\u00fcndung des Vereins,<span class=\"apple-converted-space\">\u00a0<\/span><strong>1978<\/strong>, z\u00e4hlte der Club bereits 320 Mitglieder, davon 70 Jugendliche. Zwischenzeitlich wurden die Platzkapazit\u00e4ten so eng, dass der Verein anbauen musste. Der TCJ z\u00e4hlte nun 5 Pl\u00e4tze.<br \/>\nDie Medenspielmannschaften wurden kontinuierlich gr\u00f6\u00dfer und erstmals traten 2 Herren- und 2 Damenmannschaften an.<br \/>\nMit der steigenden Anzahl an Mitgliedern wurden auch die Rufe lauter, endlich ein eigenes Clubheim zu bauen. Bis dahin dienten einfache Holzh\u00fctten dem Unterstand und der Lagerung des Tennisequipments.<\/p>\n<p><strong><a href=\"http:\/\/www.tc-juegesheim.de\/wp-content\/uploads\/Gr\u00fcndung-3.jpeg\"><img loading=\"lazy\" decoding=\"async\" class=\"size-medium wp-image-4507 alignright\" src=\"http:\/\/www.tc-juegesheim.de\/wp-content\/uploads\/Gr\u00fcndung-3-300x208.jpeg\" alt=\"\" width=\"300\" height=\"208\" srcset=\"https:\/\/www.tc-juegesheim.de\/wp-content\/uploads\/Gr\u00fcndung-3-300x208.jpeg 300w, https:\/\/www.tc-juegesheim.de\/wp-content\/uploads\/Gr\u00fcndung-3-768x532.jpeg 768w, https:\/\/www.tc-juegesheim.de\/wp-content\/uploads\/Gr\u00fcndung-3-1030x714.jpeg 1030w, https:\/\/www.tc-juegesheim.de\/wp-content\/uploads\/Gr\u00fcndung-3-1500x1040.jpeg 1500w, https:\/\/www.tc-juegesheim.de\/wp-content\/uploads\/Gr\u00fcndung-3-705x489.jpeg 705w, https:\/\/www.tc-juegesheim.de\/wp-content\/uploads\/Gr\u00fcndung-3-450x312.jpeg 450w\" sizes=\"(max-width: 300px) 100vw, 300px\" \/><\/a>1979<\/strong><strong>\u00a0<\/strong>war es dann endlich soweit. Das vom Vereinsmitglied Hans-J\u00fcrgen Beyer entworfene Clubheim wurde feierlich eingeweiht. Die Gesamtkosten f\u00fcr den Bau belaufen sich auf 270.000 DM.<\/p>\n<p>Die ersten Stadtmeisterschaften beim TC Weiskirchen<span class=\"apple-converted-space\">\u00a0<\/span><strong>1982<\/strong><span class=\"apple-converted-space\"><b>\u00a0<\/b><\/span>wurden f\u00fcr den TCJ ein gro\u00dfer Erfolg.<br \/>\nHeike Simon, Brigitta Rauch und Dorle Euler belegten bei den Damen,<br \/>\nGuido D\u00fcmler, Holger Schmidt und Wolfgang Grimm bei den Herren die Pl\u00e4tze 1-3.<\/p>\n<p>Nach 20-j\u00e4hriger und \u00fcberaus erfolgreicher T\u00e4tigkeit gaben <strong>1993<\/strong><strong>\u00a0<\/strong>Jean Rudolf<span class=\"apple-converted-space\">\u00a0<\/span>als 1. Vorsitzender und Heinrich Mail\u00e4nder als Schriftf\u00fchrer ihre Vorstands\u00e4mter ab.<br \/>\nIn Anerkennung ihrer gro\u00dfen Verdienste wurden Jean Rudolf zum Ehrenvorsitzenden und Heinrich Mail\u00e4nder zum Ehrenmitglied gew\u00e4hlt.<\/p>\n<p>Der Zulauf an Mitgliedern war nicht mehr aufzuhalten.<span class=\"apple-converted-space\">\u00a0<\/span><strong>1995 <\/strong>z\u00e4hlt der Verein rekordw\u00fcrdige 420 Mitglieder. Ein aus heutiger Sicht historisches Hoch an Mitgliedern.<\/p>\n<p>Zwischenzeitlich wurden Anmeldestopps und Aufnahmegeb\u00fchren diskutiert und eingef\u00fchrt um den Andrang zu bew\u00e4ltigen, denn erneut reichten die vorhandenen 5 Tennispl\u00e4tze nicht aus um die Spielbereitschaft der Mitglieder zu decken.<br \/>\nMit der Stadt Rodgau wurde ein zweiter Erbbaurechtsvertrag geschlossen und damit die Voraussetzung f\u00fcr den Bau zwei weiterer Pl\u00e4tze geschaffen. Mit Baukosten von knapp 150.000 DM, Zusch\u00fcssen von ca. 40.000 DM von Land, Landessportbund, Kreis und Stadt Rodgau wurden die beiden neuen Pl\u00e4tze 6 und 7 p\u00fcnktlich zum Saisonbeginn<span class=\"apple-converted-space\">\u00a0<\/span><strong>1995<\/strong><strong>\u00a0<\/strong>von B\u00fcrgermeister Paul Scherer er\u00f6ffnet.<\/p>\n<p><strong>2003<\/strong><strong>\u00a0<\/strong>wurde die lange geplante Sanierung der Pl\u00e4tze 1-5 realisiert. Im Zuge der Ma\u00dfnahmen wurde unter anderem die Beregnungsanlage erneuert.<\/p>\n<p>Mit dem Ende der \u201e\u00c4ra Becker und Graf\u201c und dem Abflauen des Tennisbooms bekam auch der TCJ den R\u00fcckgang der Mitgliederzahlen zu sp\u00fcren.<span class=\"apple-converted-space\">\u00a0<\/span><strong>2007<\/strong><strong>\u00a0<\/strong>wurde daher erstmals an der Aktion \u201eDeutschland spielt Tennis\u201c teilgenommen um wieder Menschen f\u00fcr den Tennissport zu begeistern. Der TCJ hatte mittlerweile nur noch 120 Mitglieder und befand sich auf Sparkurs.<\/p>\n<p>Von<span class=\"apple-converted-space\">\u00a0<\/span><strong>2007-2009\u00a0<\/strong>fanden rodgauweit Podiumsdiskussionen zu m\u00f6glichen Fusionen statt um dem Mitgliederschwund der Tennisvereine entgegenzutreten. Die Fusionsgespr\u00e4che verliefen jedoch gr\u00f6\u00dftenteils im Sande. Mehrere Tennisvereine in Rodgau wurden aufgrund sinkender Mitgliederzahlen letztlich sogar aufgel\u00f6st.<br \/>\nDas Schrumpfen der Vereine war jedoch nicht auf den Tennissport begrenzt. Landesweit wurden Vereine kleiner und in auch in Rodgau fusionierten viele Rodgauer Vereine.<\/p>\n<p><strong>2009<\/strong><strong>\u00a0<\/strong>wurden mit Gesamtkosten von 80.000 \u20ac die Duschen, Umkleiden und Toiletten durch Fachfirmen saniert und erweitert. 700 Arbeitsstunden wurden von den Mitgliedern abgeleistet um die in die Jahre gekommenen Umkleider\u00e4ume und Toiletten zu entkernen.<\/p>\n<p>Der TCJ \u00fcberarbeitete\u00a0<strong>2010<\/strong><span class=\"apple-converted-space\"><b>\u00a0<\/b><\/span>sein Marketingkonzept, f\u00fchrte den Aktionstag zur Werbung neuer Mitglieder ein und bot Tennisanf\u00e4ngern ein Schnupperangebot an. Es wurden neue M\u00f6glichkeiten gesucht um insbesondere Kinder an den Tennissport heranzuf\u00fchren. Projekt-AGs in Schulen und das Projekt Kindergartentennis sorgten f\u00fcr erste zarte Erfolge.<\/p>\n<p>Erstmals veranstaltete der TCJ<span class=\"apple-converted-space\">\u00a0<\/span><strong>2014<\/strong>, nach der Einf\u00fchrung der Leistungsklassenwertung beim hessischen Tennisverband, ein LK-Turnier.<\/p>\n<p>Dem Mitgliederschwund nach der Jahrtausendwende konnte durch die intensivierte Jugendarbeit, dem Ausbau der Veranstaltungen und Werbema\u00dfnahmen erfolgreich entgegengewirkt werden. Die Mitgliederzahlen erholten sich. Der Verein z\u00e4hlt<span class=\"apple-converted-space\">\u00a0<\/span><strong>2015<\/strong><strong>\u00a0<\/strong>erstmals nach Jahrzenten wieder 200 Mitglieder.<\/p>\n<p>Die beiden Initiatoren der LK-Turniere Dirk Scherf und Dennis Horn weiteten das Turnierleitungsengagement aus und veranstalten seit<span class=\"apple-converted-space\">\u00a0<\/span><strong>2016<\/strong><strong>\u00a0<\/strong>j\u00e4hrlich 2 LK-Turniere.<\/p>\n<p>Die Turniere erlangten \u00fcber die Grenzen von Rodgau hinaus Bekanntheitswert und z\u00e4hlen \u00fcber 300 Teilnehmer und G\u00e4ste pro Turnier-Wochenende.<\/p>\n<p>Erstmals trugen auch unsere j\u00fcngsten Mitglieder unter Leitung von Nadine Schuh und Felix Bussmann beim 1. TCJ Junior-Open Matches aus.<\/p>\n<p><strong>2018<\/strong><strong>\u00a0<\/strong>stand im Zeichen des 50-j\u00e4hrige Jubil\u00e4um des Clubs und ein ganzes Wochenende lang wurde gefeiert.<br \/>\nBeginnend mit einem festlichen Abend und der Ehrung unserer Gr\u00fcndungsmitglieder, folgten am n\u00e4chsten Tag ein Spa\u00dfturnier f\u00fcr die ganze Familie. Mit Augenklappen, Holzschl\u00e4gern und Regenschirmen spielten Jung &amp; Alt, Fortgeschrittene &amp; Anf\u00e4nger um witzige Preise. Am Abend wurde in lockerer Atmosph\u00e4re gefeiert und getanzt.<br \/>\nDas Jubil\u00e4umswochenende fand seinen kr\u00f6nenden Abschluss am Pfingstmontag mit einem Showmatch unseres Vereinsmitglieds und Semi-Tennisprofis Christopher Chiout. \u00dcber 350 Besucher dr\u00e4ngten sich auf der Terrasse der Vereinslage und den umliegenden Pl\u00e4tzen.<br \/>\nZu den Kl\u00e4ngen der Band \u201eDisharmonie\u201c fand ein tolles Wochenende sein Ende.<\/p>\n<p>Zum Abschluss des Jahres nahm der TCJ erstmalig am J\u00fcgesheimer \u201eBudenzauber\u201c am Wasserturm teil.<\/p>\n<p>In 2019 findet erstmalig eine Weihnachtsfeier und ein Spa\u00dfturnier f\u00fcr die Schnupperer und Neumitglieder statt. Ganze 25 Mannschaften gehen im Jugend- und Aktivenbereich in den Spielbetrieb. Absoluter Rekord in der langen Vereinsgeschichte.<\/p>\n<p><strong>2020<\/strong>\u00a0z\u00e4hlt der Club 365 Mitglieder und ist damit wieder der mitgliederst\u00e4rkste Tennisverein in Rodgau. Mit etwa 120 aktiven Kindern und Jugendlichen ist das Trainerteam jeden Tag der Woche auf der Anlage um Vereinstraining zu geben.<br \/>\nAufgrund der Corona-Pandemie fallen s\u00e4mtliche Veranstaltungen aus und auch die Medenspielrunde kann erst versp\u00e4tet und mit zahlreichen Auflagen durchgef\u00fchrt werden. Das sonst so belebte Clubheim bleibt geschlossen. Um den Anforderungen an die Hygiene zu entsprechen wird ein Online-Buchungssystem f\u00fcr die Tennisplatzreservierung eingerichtet. Im Clubheim wird \u00fcber ein Touchbildschirm fortan die Reservierung gesteuert.<\/p>\n<p>Die Corona-Pandemie l\u00e4hmt den Sportbetrieb auch in <strong>2021<\/strong>. Der Vorstand setzt zahlreiche Hygienema\u00dfnahmen um, sodass das die LK-Turniere und Veranstaltungen wieder stattfinden k\u00f6nnen. Die Mitgliederzahl entwickelt sich weiter rasant. Mittlerweile feiert der Club sein 400. Mitglied. Der TCJ J\u00fcgesheim geh\u00f6rt damit zu den gr\u00f6\u00dften Tennisclubs im Rhein-Main-Gebiet. Zur St\u00e4rkung des famili\u00e4ren Charakters des Vereins bauen ehrenamtliche Mitglieder einen Kinderspielplatz. Au\u00dferdem wird die Ballwand saniert.<\/p>\n<p><strong>2022 <\/strong>Mit Hilfe zahlreicher Mitglieder werden Gr\u00e4ben ausgehoben und Kabel verlegt. P\u00fcnktlich zum Beginn der Saison ist die Arbeit vollbracht. Auf 3 Tennispl\u00e4tzen erstrahlt ab sofort eine hochmoderne LED-Flutlichtanlage und garantiert das Spielen in den sp\u00e4ten Abendstunden.<\/p>\n<p>Der Erfolg des Vereins setzt sich fort. Erstmals melden sich 60 Schnuppermitglieder in einer Saison an und machen das Jahr <strong>2023\u00a0<\/strong>zum mitgliederst\u00e4rksten Jahr der Vereinsgeschichte mit 446 Mitgliedern. Das Technikteam baut eine Au\u00dfenk\u00fcche um die zahlreichen Veranstaltungen besser umsetzen zu k\u00f6nnen. Ein neuer Au\u00dfenbildschirm zeigt ab sofort das Buchungssystem an und spielt auf die Geschichte des Vereins mit seiner Magnettafel zur Platzreservierung an.<\/p>\n<\/div><\/section>\n","protected":false},"excerpt":{"rendered":"","protected":false},"author":1,"featured_media":0,"parent":0,"menu_order":0,"comment_status":"open","ping_status":"open","template":"","meta":{"footnotes":""},"_links":{"self":[{"href":"https:\/\/www.tc-juegesheim.de\/index.php?rest_route=\/wp\/v2\/pages\/3401"}],"collection":[{"href":"https:\/\/www.tc-juegesheim.de\/index.php?rest_route=\/wp\/v2\/pages"}],"about":[{"href":"https:\/\/www.tc-juegesheim.de\/index.php?rest_route=\/wp\/v2\/types\/page"}],"author":[{"embeddable":true,"href":"https:\/\/www.tc-juegesheim.de\/index.php?rest_route=\/wp\/v2\/users\/1"}],"replies":[{"embeddable":true,"href":"https:\/\/www.tc-juegesheim.de\/index.php?rest_route=%2Fwp%2Fv2%2Fcomments&post=3401"}],"version-history":[{"count":14,"href":"https:\/\/www.tc-juegesheim.de\/index.php?rest_route=\/wp\/v2\/pages\/3401\/revisions"}],"predecessor-version":[{"id":4817,"href":"https:\/\/www.tc-juegesheim.de\/index.php?rest_route=\/wp\/v2\/pages\/3401\/revisions\/4817"}],"wp:attachment":[{"href":"https:\/\/www.tc-juegesheim.de\/index.php?rest_route=%2Fwp%2Fv2%2Fmedia&parent=3401"}],"curies":[{"name":"wp","href":"https:\/\/api.w.org\/{rel}","templated":true}]}}