{"id":3399,"date":"2015-04-16T09:51:40","date_gmt":"2015-04-16T07:51:40","guid":{"rendered":"http:\/\/neu.tc-juegesheim.de\/?page_id=3399"},"modified":"2025-02-18T19:15:55","modified_gmt":"2025-02-18T18:15:55","slug":"clubheim-plaetze","status":"publish","type":"page","link":"https:\/\/www.tc-juegesheim.de\/?page_id=3399","title":{"rendered":"Clubheim \/ Pl\u00e4tze"},"content":{"rendered":"<div class='flex_column av-7yii2f-5b49e6be56d60c68916a294cee7f4cf3 av_two_third  avia-builder-el-0  el_before_av_one_third  avia-builder-el-first  first flex_column_div '     ><section  class='av_textblock_section av-6htfbb-69960d63342c20b904c7380444c5a7a4'  itemscope=\"itemscope\" itemtype=\"https:\/\/schema.org\/CreativeWork\" ><div class='avia_textblock'  itemprop=\"text\" ><p>Der Tennisclub J\u00fcgesheim e.V. (TCJ) wurde 1968 gegr\u00fcndet. Die idyllisch gelegene Anlage in Waldrandlage verf\u00fcgt \u00fcber 7 Freiluftpl\u00e4tze, ein gro\u00dfz\u00fcgiges Clubhaus mit Sonnenterasse sowie eine Ballwand.<\/p>\n<p>Mit seinen etwa 460 Mitgliedern und etwa 30 Mannschaften (davon 15 Jugendmannschaften) ist der Tennisclub J\u00fcgesheim der gr\u00f6\u00dfte Tennisverein der Stadt Rodgau. Der Verein wird von einem ehrenamtlich t\u00e4tigen Vorstand geleitet. Auch im sportlichen Bereich z\u00e4hlt der Tennisclub J\u00fcgesheim seit vielen Jahren zu den erfolgreichsten Vereinen in Rodgau.<\/p>\n<p>Unsere Clubanlage bietet Ihnen &#8230;<\/p>\n<ul>\n<li>7 Freiluftpl\u00e4tze<\/li>\n<li>Flutlichtanlage f\u00fcr 3 Tennispl\u00e4tze (seit 2022)<\/li>\n<li>eine frisch sanierte Ballwand (seit 2021)<\/li>\n<li>Clubhaus mit eigener Bewirtung und moderner Au\u00dfenk\u00fcche (seit 2023)<\/li>\n<li>Sonnenterasse mit Blick \u00fcber die Anlage<\/li>\n<li>ein neuer einladender Spielplatz f\u00fcr die J\u00fcngsten (seit 2021)<\/li>\n<li>Parkm\u00f6glichkeiten direkt an der Anlage<\/li>\n<\/ul>\n<p><strong>\u00dcber einen Besuch von Ihnen w\u00fcrden wir uns sehr freuen!<\/strong><\/p>\n<\/div><\/section><\/div><div class='flex_column av-42k4w7-5ff402c9683995882d9abfa913194f50 av_one_third  avia-builder-el-2  el_after_av_two_third  avia-builder-el-last  flex_column_div '     ><style type=\"text\/css\" data-created_by=\"avia_inline_auto\" id=\"style-css-av-2dn29z-f79e8139838561f2ffc1031ebe27813f\">\n.avia-image-container.av-2dn29z-f79e8139838561f2ffc1031ebe27813f img.avia_image{\nbox-shadow:none;\n}\n.avia-image-container.av-2dn29z-f79e8139838561f2ffc1031ebe27813f .av-image-caption-overlay-center{\ncolor:#ffffff;\n}\n<\/style>\n<div  class='avia-image-container av-2dn29z-f79e8139838561f2ffc1031ebe27813f av-styling- avia-align-right  avia-builder-el-3  avia-builder-el-no-sibling '   itemprop=\"image\" itemscope=\"itemscope\" itemtype=\"https:\/\/schema.org\/ImageObject\" ><div class=\"avia-image-container-inner\"><div class=\"avia-image-overlay-wrap\"><img class='wp-image-3428 avia-img-lazy-loading-not-3428 avia_image ' src='https:\/\/www.tc-juegesheim.de\/wp-content\/uploads\/IMG_4465_1-676x1030.jpg' alt='' title='IMG_4465_1'  height=\"1030\" width=\"676\"  itemprop=\"thumbnailUrl\"  \/><\/div><\/div><\/div><\/div><\/p>\n","protected":false},"excerpt":{"rendered":"","protected":false},"author":1,"featured_media":0,"parent":0,"menu_order":0,"comment_status":"open","ping_status":"open","template":"","meta":{"footnotes":""},"_links":{"self":[{"href":"https:\/\/www.tc-juegesheim.de\/index.php?rest_route=\/wp\/v2\/pages\/3399"}],"collection":[{"href":"https:\/\/www.tc-juegesheim.de\/index.php?rest_route=\/wp\/v2\/pages"}],"about":[{"href":"https:\/\/www.tc-juegesheim.de\/index.php?rest_route=\/wp\/v2\/types\/page"}],"author":[{"embeddable":true,"href":"https:\/\/www.tc-juegesheim.de\/index.php?rest_route=\/wp\/v2\/users\/1"}],"replies":[{"embeddable":true,"href":"https:\/\/www.tc-juegesheim.de\/index.php?rest_route=%2Fwp%2Fv2%2Fcomments&post=3399"}],"version-history":[{"count":12,"href":"https:\/\/www.tc-juegesheim.de\/index.php?rest_route=\/wp\/v2\/pages\/3399\/revisions"}],"predecessor-version":[{"id":4919,"href":"https:\/\/www.tc-juegesheim.de\/index.php?rest_route=\/wp\/v2\/pages\/3399\/revisions\/4919"}],"wp:attachment":[{"href":"https:\/\/www.tc-juegesheim.de\/index.php?rest_route=%2Fwp%2Fv2%2Fmedia&parent=3399"}],"curies":[{"name":"wp","href":"https:\/\/api.w.org\/{rel}","templated":true}]}}