{"id":3397,"date":"2015-04-16T09:51:20","date_gmt":"2015-04-16T07:51:20","guid":{"rendered":"http:\/\/neu.tc-juegesheim.de\/?page_id=3397"},"modified":"2021-07-05T21:44:07","modified_gmt":"2021-07-05T19:44:07","slug":"anfahrt","status":"publish","type":"page","link":"https:\/\/www.tc-juegesheim.de\/?page_id=3397","title":{"rendered":"Anfahrt"},"content":{"rendered":"<div class='flex_column av-7sr8n9-f6932e8911878803660838c38b33d2c4 av_one_full  avia-builder-el-0  avia-builder-el-no-sibling  first flex_column_div '     ><p><section  class='av_textblock_section av-6dco9x-a47e42ac1f20aaf1c923111f38ea96f5'  itemscope=\"itemscope\" itemtype=\"https:\/\/schema.org\/CreativeWork\" ><div class='avia_textblock'  itemprop=\"text\" ><p>Besuchen Sie uns in Rodgau J\u00fcgesheim<br \/>\n\u00d6stlich der B45, Zufahrt nur \u00fcber die Hochst\u00e4dter Stra\u00dfe\/ Konrad-Adenauer-Stra\u00dfe.<br \/>\nTelefon: 06106 \/ 9991<\/p>\n<p>So finden Sie uns<br \/>\n\u00dcber die B45 Abfahrt Hainhausen \/ J\u00fcgesheim. An der Ampel links abbiegen in Richtung J\u00fcgesheim. Der Hauptsra\u00dfe\/Ludwigstra\u00dfe folgen bis zur Eisdiele\/Pizzeria &#8222;La Dolce Vita&#8220;. Danach links in die Hochst\u00e4dter Stra\u00dfe einbiegen und dann der Konrad-Adenauer-Stra\u00dfe folgen. \u00dcber die Br\u00fccke ins Feld fahren und an der ersten Kreuzung nach links abbiegen. Vor dem Sch\u00fctzenhaus links dem kleinem Weg folgen.<\/p>\n<\/div><\/section><br \/>\n<div  class='av_gmaps_sc_main_wrap av_gmaps_main_wrap '><div id='av_gmap_0' class='avia-google-map-container avia-google-map-sc av_gmaps_show_delayed av-no-fallback-img ' data-mapid='av_gmap_0'  style='height: 500px;'><a class=\"av_gmaps_browser_disabled av_text_confirm_link av_text_confirm_link_visible\" href=\"https:\/\/www.google.com\/maps\/search\/?api=1&#038;query=Am%20Nehlsee%203%20%2063110%20%20Rodgau\" target=\"_blank\" rel=\"noopener\">Aufgrund deiner Datenschutz-Einstellungen k\u00f6nnen wir Ihnen die Karte nicht anzeigen. Klicken Sie hier, um die Karte in einem neuen Fenster zu \u00f6ffnen.<\/a><a href=\"#\" class=\"av_gmaps_confirm_link av_text_confirm_link av_text_confirm_link_visible\"><span>Google Maps anzeigen<\/span><\/a><\/div><\/div><\/p><\/div>\n","protected":false},"excerpt":{"rendered":"","protected":false},"author":1,"featured_media":0,"parent":0,"menu_order":0,"comment_status":"open","ping_status":"open","template":"","meta":{"footnotes":""},"_links":{"self":[{"href":"https:\/\/www.tc-juegesheim.de\/index.php?rest_route=\/wp\/v2\/pages\/3397"}],"collection":[{"href":"https:\/\/www.tc-juegesheim.de\/index.php?rest_route=\/wp\/v2\/pages"}],"about":[{"href":"https:\/\/www.tc-juegesheim.de\/index.php?rest_route=\/wp\/v2\/types\/page"}],"author":[{"embeddable":true,"href":"https:\/\/www.tc-juegesheim.de\/index.php?rest_route=\/wp\/v2\/users\/1"}],"replies":[{"embeddable":true,"href":"https:\/\/www.tc-juegesheim.de\/index.php?rest_route=%2Fwp%2Fv2%2Fcomments&post=3397"}],"version-history":[{"count":13,"href":"https:\/\/www.tc-juegesheim.de\/index.php?rest_route=\/wp\/v2\/pages\/3397\/revisions"}],"predecessor-version":[{"id":3406,"href":"https:\/\/www.tc-juegesheim.de\/index.php?rest_route=\/wp\/v2\/pages\/3397\/revisions\/3406"}],"wp:attachment":[{"href":"https:\/\/www.tc-juegesheim.de\/index.php?rest_route=%2Fwp%2Fv2%2Fmedia&parent=3397"}],"curies":[{"name":"wp","href":"https:\/\/api.w.org\/{rel}","templated":true}]}}